{"id":32,"date":"2014-12-12T21:57:41","date_gmt":"2014-12-12T21:57:41","guid":{"rendered":"http:\/\/klbtheme.com\/whoiam\/?page_id=32"},"modified":"2021-04-26T16:51:45","modified_gmt":"2021-04-26T15:51:45","slug":"about","status":"publish","type":"page","link":"https:\/\/herbert-haag.de\/?page_id=32","title":{"rendered":"\u00dcber mich"},"content":{"rendered":"<p><div class=\"my-pict\" style=\"background-image:url(http:\/\/herbert-haag.de\/wp-content\/uploads\/2016\/11\/Haag2.jpg)\" >\n            <div class=\"overfly\">\n              <div class=\"text-botttom\">\n                <h2 class=\"text-uppercase color-dark text-bold\">Herbert Haag<\/h2>\n                <h5 class=\"text-uppercase color-dark font-alt \">Wissenschaftler<\/h5>\n                \n              <\/div>\n            <\/div>\n          <\/div><div class=\"my-desc\" style=\"margin-top:-10px;\">\n            <div class=\"bg-secondary clearfix\">\n              <div class=\"inner-text\">\n                <h3 class=\" color-dark no-margin-top\">\u00dcber mich<\/h3>\n                <p >Haag (geb. 1937) studierte nach dem Abitur von 1956 bis 1959 an der Deutschen Sporthochschule K\u00f6ln. Das Studium schloss er als Diplom-Sportlehrer ab. Es folgte von 1959 bis 1963 ein Zweitstudium von Geschichte, Wiss. Politik, Erziehungswissenschaften an der Universit\u00e4t T\u00fcbingen (1. Staatsexamen f\u00fcr das Lehramt am Gymnasium). Er setzte sein Studium der Sportwissenschaft an der University of Washington in Seattle, USA (1966 Master of Science in Physical Education, M.S.) fort, ehe er nach dem Referendariat 1967 das 2. Staatsexamen f\u00fcr das Lehramt an Gymnasien ablegte. Von 1967 bis 1971 war er erst wissenschaftlicher Assistent, dann Akademischer Rat am Institut f\u00fcr Sportwissenschaft der Universit\u00e4t T\u00fcbingen; 1970 folgte die Promotion zum Dr. phil. \u00fcber \u201eDie amerikanische Gesundheitserziehung\u201c. Von 1974 bis heute Mitglied der \u201eAmerican Academy of Physical Education\u201c. Von 1971 bis 1974 war er Professor f\u00fcr Sportp\u00e4dagogik an der Universit\u00e4t Gie\u00dfen, ehe er 1974 als Professor f\u00fcr Sportp\u00e4dagogik und Direktor am Institut f\u00fcr Sport und Sportwissenschaften der Christian-Albrechts-Universit\u00e4t zu Kiel berufen wurde (bis 2002).<\/p>\n<p>Drei Jahre war er als Direktor des Deutschen Olympischen Instituts in Berlin (1991-1994) t\u00e4tig. H. Haag ist Ehrendoktor der Universit\u00e4t Leipzig (2002); Lehrt\u00e4tigkeit v.a. an folgenden Universit\u00e4ten:<\/p>\n<p>Pennstate University (USA); Stanford (USA); Ithaca College (USA); University of British Columbia (Canada); Katholic University Melbourne (Australia); Tswane University of Technology (South Africa) (Gr\u00fcndung des \u201eHerbert Haag Sport Information Center\u201c) (Honorarprofessor 2011-2015); (Lehrbeauftragter und Berater f\u00fcr den Interantionalen Master Studiengang \u201eInternational Sport Sciences\u201c) Universit\u00e4t Konstanz (Deutschland).<\/p>\n<p>An verschiedenen Universit\u00e4ten begleitete Haag in externen Kommisionen die Umstellung von Staatsexamen\/Diplom auf BA\/BS und MA\/MS. H. Haag ist zudem vor allem als Buchautor, sowie Herausgeber von Lehr- und Studienb\u00fcchern, sowie Zeitschriften f\u00fcr Sportwissenschaft hervorgetreten. Seine sportwissenschaftlichen Ver\u00f6ffentlichungen (B\u00fccher, Beitr\u00e4ge in B\u00fcchern und in Zeitschriften) beziehen sich insbesondere auf folgende Forschungsgebiete: Vergleichende Sportwissenschaft, Sportphilosophie, Terminologie, Evaluation von Lehr- und Lernprozessen im Sport, Forschungsmethologie.<\/p>\n<p>Ab ca. 2002 bis heute v.a. Ver\u00f6ffentlichungen im kulturwissenschaftlichen Bereich (Philosophie, P\u00e4dagogik, Psychologie, Soziologie).<\/p>\n<p>In zahlreichen Organisationen und Institutionen f\u00fcr Sportwissenschaft war er auf nationaler und internationaler Ebene t\u00e4tig.<\/p>\n<p><u>National:<\/u> (Beispiele)<\/p>\n<ul>\n<li>Pr\u00e4sident des deutschen Sportlehrerverbandes (DSLV) (1970-1978)<\/li>\n<li>Pr\u00e4sident des Ausschusses Deutscher Leibeserzieher (ADL) (1979-1982)<\/li>\n<li>Vorsitzender des Gespr\u00e4chskreises \u201eBewegung Spiel und Sport\u201c der Herman Ehlers Akademie<\/li>\n<li>Vorsitzender des Redaktionsausschusses des Hofmann- Verlags Schorndorf<\/li>\n<li>Vorsitzender der deutschen Olympischen Gesellschaft (DOG) Stadtgruppe Kiel<\/li>\n<\/ul>\n<p><u>International:<\/u> (Beispiele)<\/p>\n<ul>\n<li>Pr\u00e4sident der \u201eInternational Society for Comparative Physical Education and Sport\u201d (ISCPES) (1986-1988)<\/li>\n<li>Vice-President des \u201cInterantional Council for Health, Physical Education, Recreation, Sport and Dance\u201d (ICHPER-SD) (1986-1990)<\/li>\n<li>Mitglied im Editorial Borad des \u201cInterantional Council of Sport Science and Physical Education) (ICSSPE) (bis 2018)<\/li>\n<li>Speaker of Association\u00b4s Borad of ICSSPE und Mitglied im \u201cPresidents Committee\u201d von ICSSPE (2008-2018)<\/li>\n<\/ul>\n<p>Haag ist vor allem als Autor\/Herausgeber von Lehr- und Studienb\u00fcchern der Sportwissenschaft hervorgetreten. Seine wissenschaftlichen Ver\u00f6ffentlichungen (B\u00fccher, Beitr\u00e4ge und Zeitschriften) beziehen sich insbesondere auf folgende Gebiete: Vergleichende Sportwissenschaft, Sportphilosophie, Terminologie, Evaluation von Lehr- und Lernprozessen im Sport, Forschungsmethologie.<\/p>\n              <\/div>\n            <\/div>\n            <div class=\"bg-dark clearfix\">\n              <div class=\"inner-text\">\n                <p class=\"no-margin color-light \">\n             <strong class=\"fix-width-100\"><i class=\"fa fa-calendar margin-right-5\"><\/i> Geburtstag<\/strong> : 06.01.1937<\/p>\n<p><strong class=\"fix-width-100\"><i class=\"fa fa-envelope margin-right-5\"><\/i> Email<\/strong> : sportpaed@email.uni-kiel.de<br \/>\n<strong class=\"fix-width-100\"><i class=\"fa fa-globe margin-right-5\"><\/i> Website<\/strong> : www.Herbert-Haag.de<br \/>\n\n                <\/p>\n              <\/div>\n            <\/div> \n           <\/div><\/p>\n","protected":false},"excerpt":{"rendered":"","protected":false},"author":1,"featured_media":0,"parent":0,"menu_order":0,"comment_status":"open","ping_status":"open","template":"","meta":{"footnotes":""},"class_list":["post-32","page","type-page","status-publish","hentry"],"_links":{"self":[{"href":"https:\/\/herbert-haag.de\/index.php?rest_route=\/wp\/v2\/pages\/32","targetHints":{"allow":["GET"]}}],"collection":[{"href":"https:\/\/herbert-haag.de\/index.php?rest_route=\/wp\/v2\/pages"}],"about":[{"href":"https:\/\/herbert-haag.de\/index.php?rest_route=\/wp\/v2\/types\/page"}],"author":[{"embeddable":true,"href":"https:\/\/herbert-haag.de\/index.php?rest_route=\/wp\/v2\/users\/1"}],"replies":[{"embeddable":true,"href":"https:\/\/herbert-haag.de\/index.php?rest_route=%2Fwp%2Fv2%2Fcomments&post=32"}],"version-history":[{"count":41,"href":"https:\/\/herbert-haag.de\/index.php?rest_route=\/wp\/v2\/pages\/32\/revisions"}],"predecessor-version":[{"id":2465,"href":"https:\/\/herbert-haag.de\/index.php?rest_route=\/wp\/v2\/pages\/32\/revisions\/2465"}],"wp:attachment":[{"href":"https:\/\/herbert-haag.de\/index.php?rest_route=%2Fwp%2Fv2%2Fmedia&parent=32"}],"curies":[{"name":"wp","href":"https:\/\/api.w.org\/{rel}","templated":true}]}}